{"id":9734,"date":"2022-06-22T14:28:48","date_gmt":"2022-06-22T14:28:48","guid":{"rendered":"http:\/\/villalibano.com\/cms\/?page_id=9734"},"modified":"2022-06-23T14:46:52","modified_gmt":"2022-06-23T14:46:52","slug":"sobrevillalibano","status":"publish","type":"page","link":"https:\/\/villalibano.com\/cms\/pages\/sobrevillalibano\/","title":{"rendered":"Sobre Villalibano"},"content":{"rendered":"<p>[vc_row kd_background_image_position=&#8221;vc_row-bg-position-top&#8221; css=&#8221;.vc_custom_1606146883027{margin-bottom: 100px !important;}&#8221;][vc_column width=&#8221;1\/2&#8243;][vc_empty_space height=&#8221;52px&#8221;]<header class=\"kd-section-title col-lg-12 text-center  subtitle-below-title   \" ><h2 class=\"separator_off\" >Municipio de Algeciras, Departamento del Huila<\/h2><h6 class=\"subtitle\" >Despensa Agr\u00edcola del Huila<\/h6><\/header>[vc_column_text]Algeciras es un municipio colombiano ubicado en el departamento de Huila. Yace sobre la parte media del valle del Magdalena, enmarcada entre la cordillera oriental y un ramal de la misma, que nace en esta misma cordillera en el Valle de Miraflores al sur del municipio, colindando con el departamento del Caquet\u00e1. Hace parte de la regi\u00f3n SubNorte del departamento. Su extensi\u00f3n territorial es de 672 km\u00b2, su altura es de 1.528 msnm y su temperatura promedio es de 20-22 \u00b0C.<\/p>\n<p>Cuenta con una poblaci\u00f3n de 24.708 habitantes de acuerdo con proyecci\u00f3n del DANE para a\u00f1o 2019. Se destaca por su producci\u00f3n agropecuaria a gran escala a nivel departamental, lo cual explica las 1.789 unidades agropecuarias que son el centro de la actividad econ\u00f3mica municipal, representada en el 69% en cultivos de caf\u00e9, ca\u00f1a panelera, cacao, hortalizas, frutales y, en menor medida, arroz. Es conocida como \u00ab&#8221;Despensa Agr\u00edcola del Huila&#8221;<\/p>\n<ul>\n<li>Area del municipio: 567.7 km2<\/li>\n<li>Poblaci\u00f3n: 15.740 Hab<\/li>\n<li>Poblaci\u00f3n Urbana: 15.720 Hab<\/li>\n<li>Poblaci\u00f3n Rural: 8.968 Hab<\/li>\n<li>Econom\u00eda: Agricola<\/li>\n<li>Producci\u00f3n de Caf\u00e9: 10.075 Ton<\/li>\n<\/ul>\n<p>[\/vc_column_text][\/vc_column][vc_column width=&#8221;1\/2&#8243;][vc_single_image image=&#8221;9735&#8243; img_size=&#8221;large&#8221;][\/vc_column][\/vc_row][vc_row full_width=&#8221;stretch_row&#8221; kd_background_image_position=&#8221;vc_row-bg-position-top&#8221; css=&#8221;.vc_custom_1605718279787{border-bottom-width: 1px !important;border-bottom-color: #e7e7e7 !important;border-bottom-style: solid !important;}&#8221;][vc_column][vc_zigzag][vc_row_inner kd_background_image_position=&#8221;vc_row-bg-position-top&#8221; css=&#8221;.vc_custom_1598438697936{padding-top: 100px !important;padding-bottom: 100px !important;}&#8221;][vc_column_inner width=&#8221;1\/4&#8243;]<div class=\"kd_counter icon-top  kd-animated fadeInUp\" ><div class=\"kd_counter_content\"><h4 class=\"kd_counter_number\"><span class=\"kd_number_string\" style=\"font-weight:400;\" data-from=\"0\" data-to=\"352\" data-refresh-interval=\"50\">0<\/span><span class=\"kd_counter_units\" style=\"font-weight:400;\">+<\/span><\/h4><div class=\"kd_counter_text\" >Familias Productoras<\/div><\/div><\/div>[\/vc_column_inner][vc_column_inner width=&#8221;1\/4&#8243;]<div class=\"kd_counter icon-top  kd-animated fadeInUp\" data-animation-delay=200><div class=\"kd_counter_content\"><h4 class=\"kd_counter_number\"><span class=\"kd_number_string\" style=\"font-weight:400;\" data-from=\"0\" data-to=\"56\" data-refresh-interval=\"50\">0<\/span><span class=\"kd_counter_units\" style=\"font-weight:400;\">+<\/span><\/h4><div class=\"kd_counter_text\" >Mujeres<\/div><\/div><\/div>[\/vc_column_inner][vc_column_inner width=&#8221;1\/4&#8243;]<div class=\"kd_counter icon-top  kd-animated fadeInUp\" data-animation-delay=400><div class=\"kd_counter_content\"><h4 class=\"kd_counter_number\"><span class=\"kd_number_string\" style=\"font-weight:400;\" data-from=\"0\" data-to=\"500\" data-refresh-interval=\"50\">0<\/span><span class=\"kd_counter_units\" style=\"font-weight:400;\">+<\/span><\/h4><div class=\"kd_counter_text\" >Has de Caf\u00e9 en Producci\u00f3n<\/div><\/div><\/div>[\/vc_column_inner][vc_column_inner width=&#8221;1\/4&#8243;]<div class=\"kd_counter icon-top  kd-animated fadeInUp\" data-animation-delay=600><div class=\"kd_counter_content\"><h4 class=\"kd_counter_number\"><span class=\"kd_number_string\" style=\"font-weight:400;\" data-from=\"0\" data-to=\"50\" data-refresh-interval=\"50\">0<\/span><span class=\"kd_counter_units\" style=\"font-weight:400;\">+<\/span><\/h4><div class=\"kd_counter_text\" >Lotes de Caf\u00e9 Especial<\/div><\/div><\/div>[\/vc_column_inner][\/vc_row_inner][\/vc_column][\/vc_row][vc_row kd_background_image_position=&#8221;vc_row-bg-position-top&#8221; css=&#8221;.vc_custom_1606146883027{margin-bottom: 100px !important;}&#8221;][vc_column width=&#8221;1\/2&#8243;][vc_single_image image=&#8221;9761&#8243; img_size=&#8221;medium&#8221;]<header class=\"kd-section-title col-lg-12 text-left  subtitle-below-title   \" ><h2 class=\"separator_off\" >Grupo Asociativo VILLALIBANO<\/h2><\/header>[vc_column_text]<\/p>\n<table>\n<tbody>\n<tr>\n<td>Ubicaci\u00f3n Geogr\u00e1fica<\/td>\n<td>Municipio de Algeciras, Departamento del Huila<\/td>\n<\/tr>\n<tr>\n<td>A\u00f1o de Fundaci\u00f3n<\/td>\n<td>20 de marzo de 2000<\/td>\n<\/tr>\n<tr>\n<td>Numero de Asociados<\/td>\n<td>352 Peque\u00f1os Productores<\/td>\n<\/tr>\n<\/tbody>\n<\/table>\n<p><strong>V<\/strong>illalibano es luz de esperanza de un futuro mejor.<br \/>\n<strong>I<\/strong>lusi\u00f3n de un pu\u00f1ado de campesinos que luchan con tes\u00f3n.<br \/>\n<strong>L<\/strong>levan en su rostro las huellas del trabajo emprendedor.<br \/>\n<strong>L<\/strong>evantado empu\u00f1adas sus manos como s\u00edmbolo triunfador.<br \/>\n<strong>A<\/strong>portan su trabajo, tiempo y dedicaci\u00f3n con inmenso amor.<br \/>\n<strong>L<\/strong>a uni\u00f3n, solidaridad y equidad ha sido su norte orientador.<br \/>\n<strong>I<\/strong>mpulsan el trabajo en equipo pensando en grande para alcanzar lo mejor.<br \/>\n<strong>B<\/strong>uscan mayor calidad y productividad para ser el mejor competidor.<br \/>\n<strong>A<\/strong>biertos al cambio con pensamiento estrat\u00e9gico e innovador.<br \/>\n<strong>N<\/strong>uevos caminos construyen con visi\u00f3n de l\u00edder ganador.<br \/>\n<strong>O<\/strong>rganizaci\u00f3n empresarial orgullo de Algeciras y del campesino trabajador.[\/vc_column_text][vc_empty_space height=&#8221;52px&#8221;]<header class=\"kd-section-title col-lg-12 text-left  subtitle-below-title   \" ><h6 class=\"subtitle\" >Priorizaci\u00f3n Estrat\u00e9gica<\/h6><\/header>[vc_column_text]En el 2030, Villalibano se habr\u00e1 consolidado como la organizaci\u00f3n de peque\u00f1os productores de caf\u00e9 modelo de desarrollo agroindustrial comunitario m\u00e1s importante del Sur colombiano, caracterizada por el alto compromiso socioecon\u00f3mico\u00a0 con las comunidades campesinas, brindando respaldo, seguridad y confianza a sus asociados para el desarrollo de sus actividades productivas, las cuales estar\u00e1n enfocadas al logro de mejorar la competitividad empresarial, potenciando sus ventajas comparativas a trav\u00e9s del uso y desarrollo de nuevas tecnolog\u00edas e innovaci\u00f3n y mecanismos de desarrollo sostenible[\/vc_column_text][\/vc_column][vc_column width=&#8221;1\/2&#8243;][vc_empty_space height=&#8221;52px&#8221;][vc_empty_space height=&#8221;52px&#8221;][vc_tta_accordion section_title_tag=&#8221;h3&#8243; style=&#8221;modern&#8221; color=&#8221;sky&#8221; autoplay=&#8221;5&#8243; active_section=&#8221;1&#8243; title=&#8221;Valores Institucionales&#8221;][vc_tta_section title=&#8221;Objetivo&#8221; tab_id=&#8221;1655911469551-7ea092ec-b651&#8243;][vc_column_text]Villalibano es una organizaci\u00f3n empresarial, sin \u00e1nimo de lucro conformada por productores rurales del municipio de Algeciras Huila, organizados para la producci\u00f3n y comercializaci\u00f3n principalmente de caf\u00e9 y otros productos agropecuarios de la mejor calidad, bajo los principios de la solidaridad la uni\u00f3n y el trabajo mutuo, para promover entre sus asociados la prosperidad econ\u00f3mica, social y la sostenibilidad ambiental, y as\u00ed lograr una mejor calidad de vida de las familias campesinas asociadas.[\/vc_column_text][\/vc_tta_section][vc_tta_section title=&#8221;Visi\u00f3n&#8221; tab_id=&#8221;1655911501262-a22ff69b-1763&#8243;][vc_column_text]Villalibano se proyecta y se consolidar\u00e1 al 2.030 como una organizaci\u00f3n modelo de desarrollo socio empresarial comunitario; l\u00edder en la producci\u00f3n y comercializaci\u00f3n agropecuaria, especialmente de caf\u00e9 especial de alta calidad, altamente competitiva con capacidad de generar confianza bajo los principios de la responsabilidad social y sostenibilidad ambiental, para garantizar nuevas oportunidades de desarrollo y progreso y una mejor calidad de vida de las familias.[\/vc_column_text][\/vc_tta_section][vc_tta_section title=&#8221;Misi\u00f3n&#8221; tab_id=&#8221;1655911536074-bb103687-a058&#8243;][vc_column_text]Somos un grupo solidario que vela por los intereses y el bienestar colectivo de sus asociados y su familia; todas las actividades y recursos se orientan a mejorar la productividad y la calidad de la producci\u00f3n agr\u00edcola, garantizando con un mayor nivel de competitividad socioempresarial y contribuyendo al desarrollo sostenible en lo econ\u00f3mico, social, y ambiental del sector rural.[\/vc_column_text][\/vc_tta_section][vc_tta_section title=&#8221;Valores&#8221; tab_id=&#8221;1655911566639-558dec73-e583&#8243;][vc_column_text]<strong>Solidaridad:<\/strong> Estamos identificados con nuestros asociados, por esto d\u00eda a d\u00eda brindamos nuestro mejor esfuerzo para buscar condiciones que les permitan satisfacer sus necesidades y cumplir sus aspiraciones.<br \/>\n<strong>Transparencia:<\/strong> Trabajamos en apego a los principios \u00e9ticos y morales, manteniendo coherencia entre estos y el accionar de las personas que integran nuestra organizaci\u00f3n, garantizando adem\u00e1s el acceso a la informaci\u00f3n de forma \u00e1gil y oportuna.[\/vc_column_text][\/vc_tta_section][vc_tta_section title=&#8221;Principios&#8221; tab_id=&#8221;1655911609720-fc2d02b0-92b7&#8243;][vc_column_text]<\/p>\n<ul>\n<li>Ser transparente en sus decisiones y actividades que repercutan en los dem\u00e1s.<\/li>\n<li>Respetar y considerar los intereses de sus asociados<\/li>\n<\/ul>\n<p>[\/vc_column_text][\/vc_tta_section][vc_tta_section title=&#8221;Pol\u00edticas&#8221; tab_id=&#8221;1655911659777-56081390-ef52&#8243;][vc_column_text]<\/p>\n<ul>\n<li>Comercializaci\u00f3n de caf\u00e9 pergamino seco de alta calidad.<\/li>\n<li>Mejorar y administrar el equilibrio econ\u00f3mico \u2013 social \u2013 ambiental.<\/li>\n<li>Orientar la gesti\u00f3n hacia la satisfacci\u00f3n del cliente.<\/li>\n<li>Mejorar, Mantener y difundir la imagen corporativa.<\/li>\n<li>Desarrollar el talento humano.<\/li>\n<\/ul>\n<p>[\/vc_column_text][\/vc_tta_section][vc_tta_section title=&#8221;Distribuci\u00f3n Asociado por Sexo&#8221; tab_id=&#8221;1655911703402-d2494cc1-ece1&#8243;][vc_column_text]15,9% Femenino<br \/>\n84,1% Masculino[\/vc_column_text][\/vc_tta_section][vc_tta_section title=&#8221;Rango de Edad Promedio Asociados&#8221; tab_id=&#8221;1655911736158-399b0d2e-15a5&#8243;][vc_column_text]15% en edad entre 18 y 30 a\u00f1os<br \/>\n45% en edad entre 31 y 45 a\u00f1os<br \/>\n33% en edad entre 46 y 60 a\u00f1os<br \/>\n7% mayor de 60 a\u00f1os[\/vc_column_text][\/vc_tta_section][\/vc_tta_accordion][\/vc_column][\/vc_row][vc_row full_width=&#8221;stretch_row&#8221; kd_background_image_position=&#8221;vc_row-bg-position-top&#8221; css=&#8221;.vc_custom_1605718279787{border-bottom-width: 1px !important;border-bottom-color: #e7e7e7 !important;border-bottom-style: solid !important;}&#8221;][vc_column][vc_zigzag][vc_row_inner kd_background_image_position=&#8221;vc_row-bg-position-top&#8221; css=&#8221;.vc_custom_1598438697936{padding-top: 100px !important;padding-bottom: 100px !important;}&#8221;][vc_column_inner width=&#8221;1\/3&#8243;]<div class=\"kd_counter icon-top  kd-animated fadeInUp\" ><div class=\"kd_counter_content\"><h4 class=\"kd_counter_number\"><span class=\"kd_number_string\" style=\"font-weight:400;\" data-from=\"0\" data-to=\"1.220\" data-refresh-interval=\"50\">0<\/span><span class=\"kd_counter_units\" style=\"font-weight:400;\">+<\/span><\/h4><div class=\"kd_counter_text\" >Ton Caf\u00e9 Pergamino Seco \/ A\u00f1o<\/div><\/div><\/div>[\/vc_column_inner][vc_column_inner width=&#8221;1\/3&#8243;]<div class=\"kd_counter icon-top  kd-animated fadeInUp\" data-animation-delay=200><div class=\"kd_counter_content\"><h4 class=\"kd_counter_number\"><span class=\"kd_number_string\" style=\"font-weight:400;\" data-from=\"0\" data-to=\"650\" data-refresh-interval=\"50\">0<\/span><span class=\"kd_counter_units\" style=\"font-weight:400;\">+<\/span><\/h4><div class=\"kd_counter_text\" >Hect\u00e1reas de Caf\u00e9<\/div><\/div><\/div>[\/vc_column_inner][vc_column_inner width=&#8221;1\/3&#8243;]<div class=\"kd_counter icon-top  kd-animated fadeInUp\" data-animation-delay=400><div class=\"kd_counter_content\"><h4 class=\"kd_counter_number\"><span class=\"kd_number_string\" style=\"font-weight:400;\" data-from=\"0\" data-to=\"70\" data-refresh-interval=\"50\">0<\/span><span class=\"kd_counter_units\" style=\"font-weight:400;\">+<\/span><\/h4><div class=\"kd_counter_text\" >Ton de Caf\u00e9\/Semana, de Capacidad de infraestructura instalada para secado<\/div><\/div><\/div>[\/vc_column_inner][\/vc_row_inner][\/vc_column][\/vc_row]<\/p>\n","protected":false},"excerpt":{"rendered":"<p>[vc_row kd_background_image_position=&#8221;vc_row-bg-position-top&#8221; css=&#8221;.vc_custom_1606146883027{margin-bottom: 100px !important;}&#8221;][vc_column width=&#8221;1\/2&#8243;][vc_empty_space height=&#8221;52px&#8221;][vc_column_text]Algeciras es un municipio colombiano ubicado en el departamento de Huila. Yace sobre la [&hellip;]<\/p>\n","protected":false},"author":1,"featured_media":8908,"parent":5718,"menu_order":0,"comment_status":"closed","ping_status":"closed","template":"","meta":{"footnotes":""},"class_list":["post-9734","page","type-page","status-publish","has-post-thumbnail","hentry"],"_links":{"self":[{"href":"https:\/\/villalibano.com\/cms\/wp-json\/wp\/v2\/pages\/9734","targetHints":{"allow":["GET"]}}],"collection":[{"href":"https:\/\/villalibano.com\/cms\/wp-json\/wp\/v2\/pages"}],"about":[{"href":"https:\/\/villalibano.com\/cms\/wp-json\/wp\/v2\/types\/page"}],"author":[{"embeddable":true,"href":"https:\/\/villalibano.com\/cms\/wp-json\/wp\/v2\/users\/1"}],"replies":[{"embeddable":true,"href":"https:\/\/villalibano.com\/cms\/wp-json\/wp\/v2\/comments?post=9734"}],"version-history":[{"count":38,"href":"https:\/\/villalibano.com\/cms\/wp-json\/wp\/v2\/pages\/9734\/revisions"}],"predecessor-version":[{"id":9742,"href":"https:\/\/villalibano.com\/cms\/wp-json\/wp\/v2\/pages\/9734\/revisions\/9742"}],"up":[{"embeddable":true,"href":"https:\/\/villalibano.com\/cms\/wp-json\/wp\/v2\/pages\/5718"}],"wp:featuredmedia":[{"embeddable":true,"href":"https:\/\/villalibano.com\/cms\/wp-json\/wp\/v2\/media\/8908"}],"wp:attachment":[{"href":"https:\/\/villalibano.com\/cms\/wp-json\/wp\/v2\/media?parent=9734"}],"curies":[{"name":"wp","href":"https:\/\/api.w.org\/{rel}","templated":true}]}}