{"id":9776,"date":"2022-06-29T15:12:45","date_gmt":"2022-06-29T15:12:45","guid":{"rendered":"https:\/\/villalibano.com\/cms\/?page_id=9776"},"modified":"2022-06-29T15:53:39","modified_gmt":"2022-06-29T15:53:39","slug":"convocatorias","status":"publish","type":"page","link":"https:\/\/villalibano.com\/cms\/convocatorias\/","title":{"rendered":"Convocatorias"},"content":{"rendered":"<p>[vc_row full_width=&#8221;stretch_row&#8221; kd_background_image_position=&#8221;vc_row-bg-position-top&#8221; kd_bottom_separator_style=&#8221;static-waves&#8221; kd_bottom_separator_height=&#8221;separator-height-large&#8221; kd_background_overlay=&#8221;true&#8221; kd_fixed_background=&#8221;true&#8221; kd_bottom_separator=&#8221;true&#8221; css=&#8221;.vc_custom_1652734251427{margin-top: 80px !important;padding-top: 200px !important;padding-bottom: 280px !important;background-image: url(http:\/\/villalibano.com\/cms\/wp-content\/uploads\/2022\/05\/coffee-plantation-in-the-misty-forest-in-south-asi-2021-10-21-04-34-15-utc-scaled.jpg?id=9691) !important;background-position: center !important;background-repeat: no-repeat !important;background-size: cover !important;}&#8221; css_tablet_portrait=&#8221;.vc_custom_1652734251428{margin-top: -45px !important;padding-top: 50px !important;padding-bottom: 100px !important;background-position: center !important;background-repeat: no-repeat !important;background-size: cover !important;}&#8221; css_mobile=&#8221;.vc_custom_1652734251428{margin-top: -45px !important;padding-top: 50px !important;padding-bottom: 100px !important;background-position: center !important;background-repeat: no-repeat !important;background-size: cover !important;}&#8221; css_tablet_landscape=&#8221;.vc_custom_1652734251427{margin-top: 60px !important;padding-top: 100px !important;}&#8221;][vc_column][vc_row_inner kd_background_image_position=&#8221;vc_row-bg-position-top&#8221;][vc_column_inner width=&#8221;1\/2&#8243; css=&#8221;.vc_custom_1599233429820{margin-left: 0px !important;padding-top: 80px !important;padding-right: 0px !important;padding-bottom: 80px !important;padding-left: 0px !important;}&#8221; offset=&#8221;vc_col-lg-7 vc_col-md-12&#8243;]<header class=\"kd-section-title col-lg-12 text-left  subtitle-below-title kd-animated fadeIn   vc_custom_1652733749119\" data-animation-delay=200><h1 class=\"separator_off\" style=\"color: #ffffff;font-size: 72px;line-height: 60px;margin-bottom:15px;\">Grupo Asociativo Villalibano<\/h1><h6 class=\"subtitle\" style=\"color: #ffffff;font-size:40px;\">Algeciras, Huila, Colombia<\/h6><\/header><a  href=\"#\"  target=\"_self\"  title=\"\" class=\"tt_button tt_primary_button btn_primary_color hover_solid_white btn-align-left button-action-link icon_right  kd-animated zoomIn\" data-animation-delay=200><span class=\"prim_text\">Con\u00f3cenos...<\/span><span class=\"fas fa-chevron-right iconita\" ><\/span><\/a>[\/vc_column_inner][vc_column_inner width=&#8221;1\/2&#8243; css=&#8221;.vc_custom_1599233434107{padding-right: 0px !important;padding-left: 0px !important;}&#8221; offset=&#8221;vc_col-lg-5 vc_col-md-12&#8243;][\/vc_column_inner][\/vc_row_inner][\/vc_column][\/vc_row][vc_row kd_background_image_position=&#8221;vc_row-bg-position-top&#8221; css=&#8221;.vc_custom_1652733645281{padding-top: 90px !important;}&#8221;][vc_column][vc_row_inner kd_background_image_position=&#8221;vc_row-bg-position-top&#8221;][vc_column_inner width=&#8221;1\/2&#8243;][vc_single_image image=&#8221;9598&#8243; img_size=&#8221;medium&#8221;][vc_empty_space height=&#8221;48px&#8221;][\/vc_column_inner][vc_column_inner width=&#8221;1\/2&#8243;][\/vc_column_inner][\/vc_row_inner]<header class=\"kd-section-title col-lg-12 text-center  subtitle-below-title kd-animated fadeIn   vc_custom_1656517002513\" data-animation-delay=200><h2 class=\"separator_off\" style=\"font-size: 42px;\">Convocatorias ABIERTAS<\/h2><h6 class=\"subtitle\" style=\"color: #7c7c7c;\">No se encuentran convocatorias abiertas en este momento.<\/h6><\/header>[vc_zigzag][\/vc_column][\/vc_row][vc_row kd_background_image_position=&#8221;vc_row-bg-position-top&#8221; css=&#8221;.vc_custom_1652733645281{padding-top: 90px !important;}&#8221;][vc_column]<header class=\"kd-section-title col-lg-12 text-center  subtitle-below-title kd-animated fadeIn   vc_custom_1656517011225\" data-animation-delay=200><h2 class=\"separator_off\" style=\"font-size: 42px;\">Convocatorias CERRADAS<\/h2><\/header>[vc_row_inner kd_background_image_position=&#8221;vc_row-bg-position-top&#8221;][vc_column_inner width=&#8221;1\/2&#8243;]<header class=\"kd-section-title col-lg-12 text-center  subtitle-below-title   \" ><h2 class=\"separator_off\" >Profesional Agropecuario<\/h2><h6 class=\"subtitle\" >Convocatoria Cerrada<\/h6><\/header><div class=\"kd-title-label text-left\" ><span class=\"kd-title-label-solid\">CONVOCATORIA \u2013 01\/2022 \u2013 Profesionales Agropecuarios para la Ejecuci\u00f3n de Proyectos Productivos<\/span><span class=\"kd-title-label-transparent\">PROGRAMA COLOMBIA SOSTENIBLE \u2013 PR\u00c9STAMO BID 4424\/OC-CO<\/span><\/div>[vc_empty_space height=&#8221;48px&#8221;][vc_column_text]Fecha de Apertura: 11 de mayo de 2022 \u2013 08:00 horas<br \/>\nFecha de Cierre: 18 de mayo de 2022 \u2013 08:00 horas[\/vc_column_text][vc_column_text]<strong>Perfil:<\/strong>\u00a0Ingeniero agr\u00f3nomo o Profesionales en ciencias agron\u00f3micas, agropecuarias, ambientales, agroecol\u00f3gicas, ingenier\u00edas o afines. Con experiencia general en procesos de acompa\u00f1amiento, asistencia t\u00e9cnica y\/o ejecuci\u00f3n de proyectos productivos, m\u00ednimo de 2 a\u00f1os y en actividades espec\u00edficas certificada en el PMA (plan de manejo ambiental) y en caf\u00e9s especiales, en adecuaci\u00f3n y manejo de beneficio ecol\u00f3gico, fosas composteras, sistemas de tratamiento de aguas mieles y reutilizaci\u00f3n del agua, experiencia m\u00ednima de 1 a\u00f1o. Experiencia en manejos limpios y org\u00e1nicos en el cultivo del caf\u00e9 y en BPA.[\/vc_column_text][vc_btn title=&#8221;Descargar T\u00e9rminos de Referencia&#8221; color=&#8221;green&#8221; align=&#8221;center&#8221; i_icon_fontawesome=&#8221;far fa-file-pdf&#8221; button_block=&#8221;true&#8221; add_icon=&#8221;true&#8221; link=&#8221;url:https%3A%2F%2Fvillalibano.com%2Fdescargas%2FTDR_PROFESIONAL_AGROPECUARIO.pdf|title:T%C3%A9rminos%20de%20Referencia|target:_blank&#8221;][\/vc_column_inner][vc_column_inner width=&#8221;1\/2&#8243;][\/vc_column_inner][\/vc_row_inner][vc_row_inner kd_background_image_position=&#8221;vc_row-bg-position-top&#8221;][vc_column_inner width=&#8221;1\/2&#8243;][\/vc_column_inner][vc_column_inner width=&#8221;1\/2&#8243;]<header class=\"kd-section-title col-lg-12 text-center  subtitle-below-title   \" ><h2 class=\"separator_off\" >Profesional Socioempresarial<\/h2><h6 class=\"subtitle\" >Convocatoria Cerrada<\/h6><\/header><div class=\"kd-title-label text-left\" ><span class=\"kd-title-label-solid\">CONVOCATORIA \u2013 01\/2022 \u2013 Profesional Socio Empresarial para la Ejecuci\u00f3n de Proyectos Productivos<\/span><span class=\"kd-title-label-transparent\">PROGRAMA COLOMBIA SOSTENIBLE \u2013 PR\u00c9STAMO BID 4424\/OC-CO<\/span><\/div>[vc_empty_space height=&#8221;48px&#8221;][vc_column_text]Fecha de Apertura: 11 de mayo de 2022 \u2013 08:00 horas<br \/>\nFecha de Cierre: 18 de mayo de 2022 \u2013 08:00 horas[\/vc_column_text][vc_column_text]<strong>Perfil:<\/strong> Profesional en las \u00e1reas de Ingenier\u00eda, ciencias agropecuarias o afines, administradores de empresas, profesionales en ciencias sociales o afines, con experiencia en acompa\u00f1amiento a comunidades rurales en formulaci\u00f3n, coordinaci\u00f3n, gesti\u00f3n e Implementaci\u00f3n de proyectos productivos. Profesional con experiencia m\u00ednima de dos (2) a\u00f1os en acompa\u00f1amiento socioempresariales a organizaciones de productores agropecuarios. Con m\u00ednimo dos (2) a\u00f1os de vinculaci\u00f3n laboral en el \u00e1rea de su profesi\u00f3n, y que acrediten experiencia espec\u00edfica en temas administrativos, proyectos productivos y trabajo con adultos y comunidades rurales.[\/vc_column_text][vc_btn title=&#8221;Descargar T\u00e9rminos de Referencia&#8221; color=&#8221;green&#8221; align=&#8221;center&#8221; i_icon_fontawesome=&#8221;far fa-file-pdf&#8221; button_block=&#8221;true&#8221; add_icon=&#8221;true&#8221; link=&#8221;url:https%3A%2F%2Fvillalibano.com%2Fdescargas%2FTDR_SOCIOEMPRESARIAL.pdf|title:T%C3%A9rminos%20de%20Referencia|target:_blank&#8221;][\/vc_column_inner][\/vc_row_inner][vc_row_inner kd_background_image_position=&#8221;vc_row-bg-position-top&#8221;][vc_column_inner width=&#8221;1\/2&#8243;]<header class=\"kd-section-title col-lg-12 text-center  subtitle-below-title   \" ><h2 class=\"separator_off\" >T\u00e9cnico Agropecuario<\/h2><h6 class=\"subtitle\" >Convocatoria Cerrada<\/h6><\/header><div class=\"kd-title-label text-left\" ><span class=\"kd-title-label-solid\">CONVOCATORIA 01\/2022 \u2013 T\u00e9cnico Agropecuario para la Ejecuci\u00f3n de Proyectos Productivos<\/span><span class=\"kd-title-label-transparent\">PROGRAMA COLOMBIA SOSTENIBLE \u2013 PR\u00c9STAMO BID 4424\/OC-CO<\/span><\/div>[vc_empty_space height=&#8221;48px&#8221;][vc_column_text]Fecha de Apertura: 11 de mayo de 2022 \u2013 08:00 horas<br \/>\nFecha de Cierre: 18 de mayo de 2022 \u2013 08:00 horas[\/vc_column_text][vc_column_text]<strong>Perfil:<\/strong> T\u00e9cnico agropecuario en ciencias agron\u00f3micas, agropecuarias, ambientales,<br \/>\nagroecol\u00f3gicas, ingenier\u00edas o afines. Con experiencia general en procesos de acompa\u00f1amiento, asistencia t\u00e9cnica y\/o ejecuci\u00f3n de proyectos productivos, m\u00ednima de 2 a\u00f1os, y con experiencia m\u00ednima de un (1) a\u00f1o en actividades espec\u00edficas, certificadas en el PMA (plan de manejo ambiental) y en caf\u00e9s especiales, en adecuaci\u00f3n y manejo de beneficio ecol\u00f3gico, fosas composteras, sistemas de tratamiento de aguas mieles y reutilizaci\u00f3n del agua. Experiencia en manejos limpios y org\u00e1nicos en el cultivo del caf\u00e9 y en BPA. Dem\u00e1s requeridos: En lo posible conocimiento de la zona del proyecto, se valora altamente la experiencia en Alianzas Productivas.[\/vc_column_text][vc_btn title=&#8221;Descargar T\u00e9rminos de Referencia&#8221; color=&#8221;green&#8221; align=&#8221;center&#8221; i_icon_fontawesome=&#8221;far fa-file-pdf&#8221; button_block=&#8221;true&#8221; add_icon=&#8221;true&#8221; link=&#8221;url:https%3A%2F%2Fvillalibano.com%2Fdescargas%2FTDR_TECNICO_AGROPECUARIO.pdf|title:T%C3%A9rminos%20de%20Referencia|target:_blank&#8221;][\/vc_column_inner][vc_column_inner width=&#8221;1\/2&#8243;][\/vc_column_inner][\/vc_row_inner][\/vc_column][\/vc_row][vc_row full_width=&#8221;stretch_row&#8221; kd_background_image_position=&#8221;vc_row-bg-position-top&#8221; css=&#8221;.vc_custom_1652734628808{padding-top: 120px !important;padding-bottom: 120px !important;background-image: url(http:\/\/villalibano.com\/cms\/wp-content\/uploads\/2022\/05\/coffee-cup-coffee-beans-2021-08-27-19-15-01-utc-scaled.jpg?id=9693) !important;}&#8221; css_tablet_landscape=&#8221;.vc_custom_1652734628808{padding-bottom: 70px !important;}&#8221; css_tablet_portrait=&#8221;.vc_custom_1652734628808{padding-bottom: 70px !important;}&#8221; css_mobile=&#8221;.vc_custom_1652734628809{padding-bottom: 70px !important;}&#8221;][vc_column width=&#8221;1\/2&#8243; css=&#8221;.vc_custom_1656517907491{padding-right: 10px !important;padding-left: 10px !important;background-color: #ffffff !important;}&#8221;]<header class=\"kd-section-title col-lg-12 text-center  subtitle-above-title   \" ><h6 class=\"subtitle\" >\u00bfTe interesa nuestras vacantes? \u00a1Aplica ya!<\/h6><h1 class=\"separator_off\" >Formulario Convocatoria<\/h1><\/header>[vc_empty_space]<div role=\"form\" class=\"wpcf7\" id=\"wpcf7-f9702-o1\" lang=\"es-ES\" dir=\"ltr\">\n<div class=\"screen-reader-response\"><p role=\"status\" aria-live=\"polite\" aria-atomic=\"true\"><\/p> <ul><\/ul><\/div>\n<form action=\"\/cms\/wp-json\/wp\/v2\/pages\/9776#wpcf7-f9702-o1\" method=\"post\" class=\"wpcf7-form init\" enctype=\"multipart\/form-data\" novalidate=\"novalidate\" data-status=\"init\">\n<div style=\"display: none;\">\n<input type=\"hidden\" name=\"_wpcf7\" value=\"9702\" \/>\n<input type=\"hidden\" name=\"_wpcf7_version\" value=\"5.5.6\" \/>\n<input type=\"hidden\" name=\"_wpcf7_locale\" value=\"es_ES\" \/>\n<input type=\"hidden\" name=\"_wpcf7_unit_tag\" value=\"wpcf7-f9702-o1\" \/>\n<input type=\"hidden\" name=\"_wpcf7_container_post\" value=\"0\" \/>\n<input type=\"hidden\" name=\"_wpcf7_posted_data_hash\" value=\"\" \/>\n<\/div>\n<p><label> Tu nombre<br \/>\n    <span class=\"wpcf7-form-control-wrap your-name\"><input type=\"text\" name=\"your-name\" value=\"\" size=\"40\" class=\"wpcf7-form-control wpcf7-text wpcf7-validates-as-required\" aria-required=\"true\" aria-invalid=\"false\" \/><\/span> <\/label><\/p>\n<p><label> Tu correo electr\u00f3nico<br \/>\n    <span class=\"wpcf7-form-control-wrap your-email\"><input type=\"email\" name=\"your-email\" value=\"\" size=\"40\" class=\"wpcf7-form-control wpcf7-text wpcf7-email wpcf7-validates-as-required wpcf7-validates-as-email\" aria-required=\"true\" aria-invalid=\"false\" \/><\/span> <\/label><\/p>\n<p><label> Convocatoria a la que desea aplicar<br \/>\n     <span class=\"wpcf7-form-control-wrap convocatoria\"><select name=\"convocatoria\" class=\"wpcf7-form-control wpcf7-select wpcf7-validates-as-required\" aria-required=\"true\" aria-invalid=\"false\"><option value=\"Profesional Agropecuario\">Profesional Agropecuario<\/option><option value=\"Profesional Socioempresarial\">Profesional Socioempresarial<\/option><option value=\"Tecnico Agropecuario\">Tecnico Agropecuario<\/option><\/select><\/span><\/label><\/p>\n<p><label> Adjunta tu hoja de vida en formato PDF (Max. 10MB)<br \/>\n<span class=\"wpcf7-form-control-wrap curriculum\"><input type=\"file\" name=\"curriculum\" size=\"40\" class=\"wpcf7-form-control wpcf7-file wpcf7-validates-as-required\" accept=\".pdf\" aria-required=\"true\" aria-invalid=\"false\" \/><\/span><\/label><\/p>\n<p><label> Tu mensaje (opcional)<br \/>\n    <span class=\"wpcf7-form-control-wrap your-message\"><textarea name=\"your-message\" cols=\"40\" rows=\"10\" class=\"wpcf7-form-control wpcf7-textarea\" aria-invalid=\"false\"><\/textarea><\/span> <\/label><\/p>\n<p><input type=\"submit\" value=\"Enviar\" class=\"wpcf7-form-control has-spinner wpcf7-submit\" \/><\/p>\n<div class=\"wpcf7-response-output\" aria-hidden=\"true\"><\/div><\/form><\/div>[\/vc_column][vc_column width=&#8221;1\/2&#8243;][vc_row_inner kd_background_image_position=&#8221;vc_row-bg-position-top&#8221; css=&#8221;.vc_custom_1652789724435{background-color: #efefef !important;}&#8221;][vc_column_inner][\/vc_column_inner][\/vc_row_inner][\/vc_column][\/vc_row]<\/p>\n","protected":false},"excerpt":{"rendered":"<p>[vc_row full_width=&#8221;stretch_row&#8221; kd_background_image_position=&#8221;vc_row-bg-position-top&#8221; kd_bottom_separator_style=&#8221;static-waves&#8221; kd_bottom_separator_height=&#8221;separator-height-large&#8221; kd_background_overlay=&#8221;true&#8221; kd_fixed_background=&#8221;true&#8221; kd_bottom_separator=&#8221;true&#8221; css=&#8221;.vc_custom_1652734251427{margin-top: 80px !important;padding-top: 200px !important;padding-bottom: 280px !important;background-image: url(http:\/\/villalibano.com\/cms\/wp-content\/uploads\/2022\/05\/coffee-plantation-in-the-misty-forest-in-south-asi-2021-10-21-04-34-15-utc-scaled.jpg?id=9691) !important;background-position: center !important;background-repeat: no-repeat [&hellip;]<\/p>\n","protected":false},"author":1,"featured_media":0,"parent":0,"menu_order":0,"comment_status":"closed","ping_status":"closed","template":"","meta":{"footnotes":""},"class_list":["post-9776","page","type-page","status-publish","hentry"],"_links":{"self":[{"href":"https:\/\/villalibano.com\/cms\/wp-json\/wp\/v2\/pages\/9776","targetHints":{"allow":["GET"]}}],"collection":[{"href":"https:\/\/villalibano.com\/cms\/wp-json\/wp\/v2\/pages"}],"about":[{"href":"https:\/\/villalibano.com\/cms\/wp-json\/wp\/v2\/types\/page"}],"author":[{"embeddable":true,"href":"https:\/\/villalibano.com\/cms\/wp-json\/wp\/v2\/users\/1"}],"replies":[{"embeddable":true,"href":"https:\/\/villalibano.com\/cms\/wp-json\/wp\/v2\/comments?post=9776"}],"version-history":[{"count":13,"href":"https:\/\/villalibano.com\/cms\/wp-json\/wp\/v2\/pages\/9776\/revisions"}],"predecessor-version":[{"id":9791,"href":"https:\/\/villalibano.com\/cms\/wp-json\/wp\/v2\/pages\/9776\/revisions\/9791"}],"wp:attachment":[{"href":"https:\/\/villalibano.com\/cms\/wp-json\/wp\/v2\/media?parent=9776"}],"curies":[{"name":"wp","href":"https:\/\/api.w.org\/{rel}","templated":true}]}}